{"id":6557,"date":"2026-01-13T14:15:40","date_gmt":"2026-01-13T13:15:40","guid":{"rendered":"https:\/\/www.nahvsr.sk\/registered-members\/"},"modified":"2026-01-13T14:21:56","modified_gmt":"2026-01-13T13:21:56","slug":"registered-members","status":"publish","type":"page","link":"https:\/\/www.nahvsr.sk\/en\/registered-members\/","title":{"rendered":"Registered members"},"content":{"rendered":"<div class=\"wpb-content-wrapper\"><p>[vc_row full_width=&#8221;stretch_row_content&#8221;][vc_column][vc_custom_heading text=&#8221;Registered members&#8221; font_container=&#8221;tag:h1|text_align:left&#8221; use_theme_fonts=&#8221;yes&#8221; css=&#8221;&#8221;][\/vc_column][\/vc_row][vc_row full_width=&#8221;stretch_row_content&#8221;][vc_column][vc_raw_html]JTVCbmluamFfdGFibGVzJTIwaWQlM0QlMjI2NTU0JTIyJTVE[\/vc_raw_html][\/vc_column][\/vc_row]<\/p>\n<\/div>","protected":false},"excerpt":{"rendered":"<p>[vc_row full_width=&#8221;stretch_row_content&#8221;][vc_column][vc_custom_heading text=&#8221;Registered members&#8221; font_container=&#8221;tag:h1|text_align:left&#8221; use_theme_fonts=&#8221;yes&#8221; css=&#8221;&#8221;][\/vc_column][\/vc_row][vc_row full_width=&#8221;stretch_row_content&#8221;][vc_column][vc_raw_html]JTVCbmluamFfdGFibGVzJTIwaWQlM0QlMjI2NTU0JTIyJTVE[\/vc_raw_html][\/vc_column][\/vc_row]<\/p>\n","protected":false},"author":1,"featured_media":0,"parent":0,"menu_order":0,"comment_status":"closed","ping_status":"closed","template":"","meta":{"_acf_changed":false,"footnotes":""},"class_list":["post-6557","page","type-page","status-publish","hentry"],"acf":[],"yoast_head":"<!-- This site is optimized with the Yoast SEO plugin v26.3 - https:\/\/yoast.com\/wordpress\/plugins\/seo\/ -->\n<title>Registered members - National Association of Mountain Guides of Slovak Republic<\/title>\n<meta name=\"description\" content=\"Registered members\" \/>\n<meta name=\"robots\" content=\"index, follow, max-snippet:-1, max-image-preview:large, max-video-preview:-1\" \/>\n<link rel=\"canonical\" href=\"https:\/\/www.nahvsr.sk\/en\/registered-members\/\" \/>\n<meta property=\"og:locale\" content=\"en_US\" \/>\n<meta property=\"og:type\" content=\"article\" \/>\n<meta property=\"og:title\" content=\"Registered members - National Association of Mountain Guides of Slovak Republic\" \/>\n<meta property=\"og:description\" content=\"Registered members\" \/>\n<meta property=\"og:url\" content=\"https:\/\/www.nahvsr.sk\/en\/registered-members\/\" \/>\n<meta property=\"og:site_name\" content=\"National Association of Mountain Guides of Slovak Republic\" \/>\n<meta property=\"article:publisher\" content=\"https:\/\/www.facebook.com\/nahvsr\" \/>\n<meta property=\"article:modified_time\" content=\"2026-01-13T13:21:56+00:00\" \/>\n<meta name=\"twitter:card\" content=\"summary_large_image\" \/>\n<meta name=\"twitter:label1\" content=\"Est. reading time\" \/>\n\t<meta name=\"twitter:data1\" content=\"1 minute\" \/>\n<script type=\"application\/ld+json\" class=\"yoast-schema-graph\">{\"@context\":\"https:\/\/schema.org\",\"@graph\":[{\"@type\":\"WebPage\",\"@id\":\"https:\/\/www.nahvsr.sk\/en\/registered-members\/\",\"url\":\"https:\/\/www.nahvsr.sk\/en\/registered-members\/\",\"name\":\"Registered members - National Association of Mountain Guides of Slovak Republic\",\"isPartOf\":{\"@id\":\"https:\/\/www.nahvsr.sk\/en\/#website\"},\"datePublished\":\"2026-01-13T13:15:40+00:00\",\"dateModified\":\"2026-01-13T13:21:56+00:00\",\"description\":\"Registered members\",\"breadcrumb\":{\"@id\":\"https:\/\/www.nahvsr.sk\/en\/registered-members\/#breadcrumb\"},\"inLanguage\":\"en-US\",\"potentialAction\":[{\"@type\":\"ReadAction\",\"target\":[\"https:\/\/www.nahvsr.sk\/en\/registered-members\/\"]}]},{\"@type\":\"BreadcrumbList\",\"@id\":\"https:\/\/www.nahvsr.sk\/en\/registered-members\/#breadcrumb\",\"itemListElement\":[{\"@type\":\"ListItem\",\"position\":1,\"name\":\"Home\",\"item\":\"https:\/\/www.nahvsr.sk\/en\/\"},{\"@type\":\"ListItem\",\"position\":2,\"name\":\"Registered members\"}]},{\"@type\":\"WebSite\",\"@id\":\"https:\/\/www.nahvsr.sk\/en\/#website\",\"url\":\"https:\/\/www.nahvsr.sk\/en\/\",\"name\":\"N\u00e1rodn\u00e1 asoci\u00e1cia horsk\u00fdch vodcov Slovenskej republiky\",\"description\":\"\",\"publisher\":{\"@id\":\"https:\/\/www.nahvsr.sk\/en\/#organization\"},\"potentialAction\":[{\"@type\":\"SearchAction\",\"target\":{\"@type\":\"EntryPoint\",\"urlTemplate\":\"https:\/\/www.nahvsr.sk\/en\/?s={search_term_string}\"},\"query-input\":{\"@type\":\"PropertyValueSpecification\",\"valueRequired\":true,\"valueName\":\"search_term_string\"}}],\"inLanguage\":\"en-US\"},{\"@type\":\"Organization\",\"@id\":\"https:\/\/www.nahvsr.sk\/en\/#organization\",\"name\":\"National Association of Mountain Guides of Slovak Republic\",\"url\":\"https:\/\/www.nahvsr.sk\/en\/\",\"logo\":{\"@type\":\"ImageObject\",\"inLanguage\":\"en-US\",\"@id\":\"https:\/\/www.nahvsr.sk\/en\/#\/schema\/logo\/image\/\",\"url\":\"https:\/\/www.nahvsr.sk\/wp-content\/uploads\/2015\/03\/logo-nahvsr-web-black.png\",\"contentUrl\":\"https:\/\/www.nahvsr.sk\/wp-content\/uploads\/2015\/03\/logo-nahvsr-web-black.png\",\"width\":1286,\"height\":441,\"caption\":\"National Association of Mountain Guides of Slovak Republic\"},\"image\":{\"@id\":\"https:\/\/www.nahvsr.sk\/en\/#\/schema\/logo\/image\/\"},\"sameAs\":[\"https:\/\/www.facebook.com\/nahvsr\",\"https:\/\/www.instagram.com\/mountain.guides.slovakia\/\"]}]}<\/script>\n<!-- \/ Yoast SEO plugin. -->","yoast_head_json":{"title":"Registered members - National Association of Mountain Guides of Slovak Republic","description":"Registered members","robots":{"index":"index","follow":"follow","max-snippet":"max-snippet:-1","max-image-preview":"max-image-preview:large","max-video-preview":"max-video-preview:-1"},"canonical":"https:\/\/www.nahvsr.sk\/en\/registered-members\/","og_locale":"en_US","og_type":"article","og_title":"Registered members - National Association of Mountain Guides of Slovak Republic","og_description":"Registered members","og_url":"https:\/\/www.nahvsr.sk\/en\/registered-members\/","og_site_name":"National Association of Mountain Guides of Slovak Republic","article_publisher":"https:\/\/www.facebook.com\/nahvsr","article_modified_time":"2026-01-13T13:21:56+00:00","twitter_card":"summary_large_image","twitter_misc":{"Est. reading time":"1 minute"},"schema":{"@context":"https:\/\/schema.org","@graph":[{"@type":"WebPage","@id":"https:\/\/www.nahvsr.sk\/en\/registered-members\/","url":"https:\/\/www.nahvsr.sk\/en\/registered-members\/","name":"Registered members - National Association of Mountain Guides of Slovak Republic","isPartOf":{"@id":"https:\/\/www.nahvsr.sk\/en\/#website"},"datePublished":"2026-01-13T13:15:40+00:00","dateModified":"2026-01-13T13:21:56+00:00","description":"Registered members","breadcrumb":{"@id":"https:\/\/www.nahvsr.sk\/en\/registered-members\/#breadcrumb"},"inLanguage":"en-US","potentialAction":[{"@type":"ReadAction","target":["https:\/\/www.nahvsr.sk\/en\/registered-members\/"]}]},{"@type":"BreadcrumbList","@id":"https:\/\/www.nahvsr.sk\/en\/registered-members\/#breadcrumb","itemListElement":[{"@type":"ListItem","position":1,"name":"Home","item":"https:\/\/www.nahvsr.sk\/en\/"},{"@type":"ListItem","position":2,"name":"Registered members"}]},{"@type":"WebSite","@id":"https:\/\/www.nahvsr.sk\/en\/#website","url":"https:\/\/www.nahvsr.sk\/en\/","name":"N\u00e1rodn\u00e1 asoci\u00e1cia horsk\u00fdch vodcov Slovenskej republiky","description":"","publisher":{"@id":"https:\/\/www.nahvsr.sk\/en\/#organization"},"potentialAction":[{"@type":"SearchAction","target":{"@type":"EntryPoint","urlTemplate":"https:\/\/www.nahvsr.sk\/en\/?s={search_term_string}"},"query-input":{"@type":"PropertyValueSpecification","valueRequired":true,"valueName":"search_term_string"}}],"inLanguage":"en-US"},{"@type":"Organization","@id":"https:\/\/www.nahvsr.sk\/en\/#organization","name":"National Association of Mountain Guides of Slovak Republic","url":"https:\/\/www.nahvsr.sk\/en\/","logo":{"@type":"ImageObject","inLanguage":"en-US","@id":"https:\/\/www.nahvsr.sk\/en\/#\/schema\/logo\/image\/","url":"https:\/\/www.nahvsr.sk\/wp-content\/uploads\/2015\/03\/logo-nahvsr-web-black.png","contentUrl":"https:\/\/www.nahvsr.sk\/wp-content\/uploads\/2015\/03\/logo-nahvsr-web-black.png","width":1286,"height":441,"caption":"National Association of Mountain Guides of Slovak Republic"},"image":{"@id":"https:\/\/www.nahvsr.sk\/en\/#\/schema\/logo\/image\/"},"sameAs":["https:\/\/www.facebook.com\/nahvsr","https:\/\/www.instagram.com\/mountain.guides.slovakia\/"]}]}},"_links":{"self":[{"href":"https:\/\/www.nahvsr.sk\/en\/wp-json\/wp\/v2\/pages\/6557","targetHints":{"allow":["GET"]}}],"collection":[{"href":"https:\/\/www.nahvsr.sk\/en\/wp-json\/wp\/v2\/pages"}],"about":[{"href":"https:\/\/www.nahvsr.sk\/en\/wp-json\/wp\/v2\/types\/page"}],"author":[{"embeddable":true,"href":"https:\/\/www.nahvsr.sk\/en\/wp-json\/wp\/v2\/users\/1"}],"replies":[{"embeddable":true,"href":"https:\/\/www.nahvsr.sk\/en\/wp-json\/wp\/v2\/comments?post=6557"}],"version-history":[{"count":4,"href":"https:\/\/www.nahvsr.sk\/en\/wp-json\/wp\/v2\/pages\/6557\/revisions"}],"predecessor-version":[{"id":6566,"href":"https:\/\/www.nahvsr.sk\/en\/wp-json\/wp\/v2\/pages\/6557\/revisions\/6566"}],"wp:attachment":[{"href":"https:\/\/www.nahvsr.sk\/en\/wp-json\/wp\/v2\/media?parent=6557"}],"curies":[{"name":"wp","href":"https:\/\/api.w.org\/{rel}","templated":true}]}}