{"id":5848,"date":"2022-09-06T10:06:20","date_gmt":"2022-09-06T08:06:20","guid":{"rendered":"https:\/\/www.nahvsr.sk\/private-zone\/"},"modified":"2024-11-29T10:08:58","modified_gmt":"2024-11-29T09:08:58","slug":"private-zone","status":"publish","type":"page","link":"https:\/\/www.nahvsr.sk\/en\/private-zone\/","title":{"rendered":"Private zone"},"content":{"rendered":"\n<h1 class=\"wp-block-heading\">NAHVSR private documents<\/h1>\n\n<h2 class=\"wp-block-heading\">Year 2024<\/h2>\n\n<ul class=\"wp-block-list\">\n<li><a href=\"https:\/\/www.nahvsr.sk\/wp-content\/uploads\/2024\/05\/SKM_55824051511050.pdf\" target=\"_blank\" rel=\"noreferrer noopener\">Certificate of liability insurance<\/a><\/li>\n\n\n\n<li><a href=\"https:\/\/www.nahvsr.sk\/wp-content\/uploads\/2024\/08\/uznesenie-20240620.pdf\" target=\"_blank\" rel=\"noreferrer noopener\">Resolution of the NAHVSR Assembly of 20.6.2024<\/a><\/li>\n<\/ul>\n\n<h2 class=\"wp-block-heading\">Year 2023<\/h2>\n\n<ul class=\"wp-block-list\">\n<li><a href=\"https:\/\/www.nahvsr.sk\/wp-content\/uploads\/2023\/12\/rozpocet-2024-schvaleny.pdf\">NAHVSR budget for 2024<\/a><\/li>\n\n\n\n<li><a href=\"https:\/\/www.nahvsr.sk\/wp-content\/uploads\/2023\/12\/uznesenie-2024.pdf\">NAHVSR 2023 Congress Resolution<\/a><\/li>\n\n\n\n<li><a href=\"https:\/\/www.nahvsr.sk\/wp-content\/uploads\/2023\/12\/pozvanka-snem-2023.pdf\" target=\"_blank\" rel=\"noreferrer noopener\">Invitation to the NAHVSR 2023<\/a><\/li>\n\n\n\n<li><a href=\"https:\/\/www.nahvsr.sk\/wp-content\/uploads\/2023\/05\/Pozvanka-20230623.docx\" target=\"_blank\" rel=\"noreferrer noopener nofollow\">Invitation to the NAHVSR Assembly 22.6.2023<\/a><\/li>\n\n\n\n<li><a href=\"https:\/\/www.nahvsr.sk\/wp-content\/uploads\/2023\/05\/SKM_55823052508110.pdf\">Generali Insurance Europe 2023 Certificate<\/a><\/li>\n<\/ul>\n\n<h2 class=\"wp-block-heading\">Year 2022<\/h2>\n\n<ul class=\"wp-block-list\">\n<li><a href=\"https:\/\/www.nahvsr.sk\/wp-content\/uploads\/2022\/12\/pozvanka_20221220.pdf\" target=\"_blank\" rel=\"noreferrer noopener nofollow\">Invitation to the NAHVSR 2022<\/a><\/li>\n\n\n\n<li><a href=\"https:\/\/www.nahvsr.sk\/wp-content\/uploads\/2022\/12\/uznesenie-20-12-2022.pdf\" target=\"_blank\" rel=\"noreferrer noopener\">Resolution of the Congress 20.12.2022<\/a><\/li>\n\n\n\n<li><a href=\"https:\/\/www.nahvsr.sk\/wp-content\/uploads\/2022\/12\/prezencna-listina-20-12-2022.pdf\" target=\"_blank\" rel=\"noreferrer noopener\">Attendance list of the Congress 20.12.2022<\/a><\/li>\n\n\n\n<li><a href=\"https:\/\/www.nahvsr.sk\/wp-content\/uploads\/2022\/12\/Poistenie-Europa-2020.pdf\" target=\"_blank\" rel=\"noreferrer noopener\">Europa 2022 insurance<\/a><\/li>\n<\/ul>\n\n<p><\/p>\n\n<p><\/p>\n","protected":false},"excerpt":{"rendered":"<p>NAHVSR private documents Year 2024 Year 2023 Year 2022<\/p>\n","protected":false},"author":1,"featured_media":5820,"parent":0,"menu_order":0,"comment_status":"closed","ping_status":"closed","template":"","meta":{"_acf_changed":false,"footnotes":""},"class_list":["post-5848","page","type-page","status-publish","has-post-thumbnail","hentry"],"acf":[],"yoast_head":"<!-- This site is optimized with the Yoast SEO plugin v26.3 - https:\/\/yoast.com\/wordpress\/plugins\/seo\/ -->\n<title>Private zone - National Association of Mountain Guides of Slovak Republic<\/title>\n<meta name=\"robots\" content=\"index, follow, max-snippet:-1, max-image-preview:large, max-video-preview:-1\" \/>\n<link rel=\"canonical\" href=\"https:\/\/www.nahvsr.sk\/en\/private-zone\/\" \/>\n<meta property=\"og:locale\" content=\"en_US\" \/>\n<meta property=\"og:type\" content=\"article\" \/>\n<meta property=\"og:title\" content=\"Private zone - National Association of Mountain Guides of Slovak Republic\" \/>\n<meta property=\"og:description\" content=\"NAHVSR private documents Year 2024 Year 2023 Year 2022\" \/>\n<meta property=\"og:url\" content=\"https:\/\/www.nahvsr.sk\/en\/private-zone\/\" \/>\n<meta property=\"og:site_name\" content=\"National Association of Mountain Guides of Slovak Republic\" \/>\n<meta property=\"article:publisher\" content=\"https:\/\/www.facebook.com\/nahvsr\" \/>\n<meta property=\"article:modified_time\" content=\"2024-11-29T09:08:58+00:00\" \/>\n<meta name=\"twitter:card\" content=\"summary_large_image\" \/>\n<script type=\"application\/ld+json\" class=\"yoast-schema-graph\">{\"@context\":\"https:\/\/schema.org\",\"@graph\":[{\"@type\":\"WebPage\",\"@id\":\"https:\/\/www.nahvsr.sk\/en\/private-zone\/\",\"url\":\"https:\/\/www.nahvsr.sk\/en\/private-zone\/\",\"name\":\"Private zone - National Association of Mountain Guides of Slovak Republic\",\"isPartOf\":{\"@id\":\"https:\/\/www.nahvsr.sk\/en\/#website\"},\"primaryImageOfPage\":{\"@id\":\"https:\/\/www.nahvsr.sk\/en\/private-zone\/#primaryimage\"},\"image\":{\"@id\":\"https:\/\/www.nahvsr.sk\/en\/private-zone\/#primaryimage\"},\"thumbnailUrl\":\"https:\/\/www.nahvsr.sk\/wp-content\/uploads\/2024\/07\/aspirantske-skusky-2024-0004.jpg\",\"datePublished\":\"2022-09-06T08:06:20+00:00\",\"dateModified\":\"2024-11-29T09:08:58+00:00\",\"breadcrumb\":{\"@id\":\"https:\/\/www.nahvsr.sk\/en\/private-zone\/#breadcrumb\"},\"inLanguage\":\"en-US\",\"potentialAction\":[{\"@type\":\"ReadAction\",\"target\":[\"https:\/\/www.nahvsr.sk\/en\/private-zone\/\"]}]},{\"@type\":\"ImageObject\",\"inLanguage\":\"en-US\",\"@id\":\"https:\/\/www.nahvsr.sk\/en\/private-zone\/#primaryimage\",\"url\":\"https:\/\/www.nahvsr.sk\/wp-content\/uploads\/2024\/07\/aspirantske-skusky-2024-0004.jpg\",\"contentUrl\":\"https:\/\/www.nahvsr.sk\/wp-content\/uploads\/2024\/07\/aspirantske-skusky-2024-0004.jpg\",\"width\":1920,\"height\":1440},{\"@type\":\"BreadcrumbList\",\"@id\":\"https:\/\/www.nahvsr.sk\/en\/private-zone\/#breadcrumb\",\"itemListElement\":[{\"@type\":\"ListItem\",\"position\":1,\"name\":\"Home\",\"item\":\"https:\/\/www.nahvsr.sk\/en\/\"},{\"@type\":\"ListItem\",\"position\":2,\"name\":\"Protected: Private zone\"}]},{\"@type\":\"WebSite\",\"@id\":\"https:\/\/www.nahvsr.sk\/en\/#website\",\"url\":\"https:\/\/www.nahvsr.sk\/en\/\",\"name\":\"N\u00e1rodn\u00e1 asoci\u00e1cia horsk\u00fdch vodcov Slovenskej republiky\",\"description\":\"\",\"publisher\":{\"@id\":\"https:\/\/www.nahvsr.sk\/en\/#organization\"},\"potentialAction\":[{\"@type\":\"SearchAction\",\"target\":{\"@type\":\"EntryPoint\",\"urlTemplate\":\"https:\/\/www.nahvsr.sk\/en\/?s={search_term_string}\"},\"query-input\":{\"@type\":\"PropertyValueSpecification\",\"valueRequired\":true,\"valueName\":\"search_term_string\"}}],\"inLanguage\":\"en-US\"},{\"@type\":\"Organization\",\"@id\":\"https:\/\/www.nahvsr.sk\/en\/#organization\",\"name\":\"National Association of Mountain Guides of Slovak Republic\",\"url\":\"https:\/\/www.nahvsr.sk\/en\/\",\"logo\":{\"@type\":\"ImageObject\",\"inLanguage\":\"en-US\",\"@id\":\"https:\/\/www.nahvsr.sk\/en\/#\/schema\/logo\/image\/\",\"url\":\"https:\/\/www.nahvsr.sk\/wp-content\/uploads\/2015\/03\/logo-nahvsr-web-black.png\",\"contentUrl\":\"https:\/\/www.nahvsr.sk\/wp-content\/uploads\/2015\/03\/logo-nahvsr-web-black.png\",\"width\":1286,\"height\":441,\"caption\":\"National Association of Mountain Guides of Slovak Republic\"},\"image\":{\"@id\":\"https:\/\/www.nahvsr.sk\/en\/#\/schema\/logo\/image\/\"},\"sameAs\":[\"https:\/\/www.facebook.com\/nahvsr\",\"https:\/\/www.instagram.com\/mountain.guides.slovakia\/\"]}]}<\/script>\n<!-- \/ Yoast SEO plugin. -->","yoast_head_json":{"title":"Private zone - National Association of Mountain Guides of Slovak Republic","robots":{"index":"index","follow":"follow","max-snippet":"max-snippet:-1","max-image-preview":"max-image-preview:large","max-video-preview":"max-video-preview:-1"},"canonical":"https:\/\/www.nahvsr.sk\/en\/private-zone\/","og_locale":"en_US","og_type":"article","og_title":"Private zone - National Association of Mountain Guides of Slovak Republic","og_description":"NAHVSR private documents Year 2024 Year 2023 Year 2022","og_url":"https:\/\/www.nahvsr.sk\/en\/private-zone\/","og_site_name":"National Association of Mountain Guides of Slovak Republic","article_publisher":"https:\/\/www.facebook.com\/nahvsr","article_modified_time":"2024-11-29T09:08:58+00:00","twitter_card":"summary_large_image","schema":{"@context":"https:\/\/schema.org","@graph":[{"@type":"WebPage","@id":"https:\/\/www.nahvsr.sk\/en\/private-zone\/","url":"https:\/\/www.nahvsr.sk\/en\/private-zone\/","name":"Private zone - National Association of Mountain Guides of Slovak Republic","isPartOf":{"@id":"https:\/\/www.nahvsr.sk\/en\/#website"},"primaryImageOfPage":{"@id":"https:\/\/www.nahvsr.sk\/en\/private-zone\/#primaryimage"},"image":{"@id":"https:\/\/www.nahvsr.sk\/en\/private-zone\/#primaryimage"},"thumbnailUrl":"https:\/\/www.nahvsr.sk\/wp-content\/uploads\/2024\/07\/aspirantske-skusky-2024-0004.jpg","datePublished":"2022-09-06T08:06:20+00:00","dateModified":"2024-11-29T09:08:58+00:00","breadcrumb":{"@id":"https:\/\/www.nahvsr.sk\/en\/private-zone\/#breadcrumb"},"inLanguage":"en-US","potentialAction":[{"@type":"ReadAction","target":["https:\/\/www.nahvsr.sk\/en\/private-zone\/"]}]},{"@type":"ImageObject","inLanguage":"en-US","@id":"https:\/\/www.nahvsr.sk\/en\/private-zone\/#primaryimage","url":"https:\/\/www.nahvsr.sk\/wp-content\/uploads\/2024\/07\/aspirantske-skusky-2024-0004.jpg","contentUrl":"https:\/\/www.nahvsr.sk\/wp-content\/uploads\/2024\/07\/aspirantske-skusky-2024-0004.jpg","width":1920,"height":1440},{"@type":"BreadcrumbList","@id":"https:\/\/www.nahvsr.sk\/en\/private-zone\/#breadcrumb","itemListElement":[{"@type":"ListItem","position":1,"name":"Home","item":"https:\/\/www.nahvsr.sk\/en\/"},{"@type":"ListItem","position":2,"name":"Protected: Private zone"}]},{"@type":"WebSite","@id":"https:\/\/www.nahvsr.sk\/en\/#website","url":"https:\/\/www.nahvsr.sk\/en\/","name":"N\u00e1rodn\u00e1 asoci\u00e1cia horsk\u00fdch vodcov Slovenskej republiky","description":"","publisher":{"@id":"https:\/\/www.nahvsr.sk\/en\/#organization"},"potentialAction":[{"@type":"SearchAction","target":{"@type":"EntryPoint","urlTemplate":"https:\/\/www.nahvsr.sk\/en\/?s={search_term_string}"},"query-input":{"@type":"PropertyValueSpecification","valueRequired":true,"valueName":"search_term_string"}}],"inLanguage":"en-US"},{"@type":"Organization","@id":"https:\/\/www.nahvsr.sk\/en\/#organization","name":"National Association of Mountain Guides of Slovak Republic","url":"https:\/\/www.nahvsr.sk\/en\/","logo":{"@type":"ImageObject","inLanguage":"en-US","@id":"https:\/\/www.nahvsr.sk\/en\/#\/schema\/logo\/image\/","url":"https:\/\/www.nahvsr.sk\/wp-content\/uploads\/2015\/03\/logo-nahvsr-web-black.png","contentUrl":"https:\/\/www.nahvsr.sk\/wp-content\/uploads\/2015\/03\/logo-nahvsr-web-black.png","width":1286,"height":441,"caption":"National Association of Mountain Guides of Slovak Republic"},"image":{"@id":"https:\/\/www.nahvsr.sk\/en\/#\/schema\/logo\/image\/"},"sameAs":["https:\/\/www.facebook.com\/nahvsr","https:\/\/www.instagram.com\/mountain.guides.slovakia\/"]}]}},"_links":{"self":[{"href":"https:\/\/www.nahvsr.sk\/en\/wp-json\/wp\/v2\/pages\/5848","targetHints":{"allow":["GET"]}}],"collection":[{"href":"https:\/\/www.nahvsr.sk\/en\/wp-json\/wp\/v2\/pages"}],"about":[{"href":"https:\/\/www.nahvsr.sk\/en\/wp-json\/wp\/v2\/types\/page"}],"author":[{"embeddable":true,"href":"https:\/\/www.nahvsr.sk\/en\/wp-json\/wp\/v2\/users\/1"}],"replies":[{"embeddable":true,"href":"https:\/\/www.nahvsr.sk\/en\/wp-json\/wp\/v2\/comments?post=5848"}],"version-history":[{"count":2,"href":"https:\/\/www.nahvsr.sk\/en\/wp-json\/wp\/v2\/pages\/5848\/revisions"}],"predecessor-version":[{"id":5859,"href":"https:\/\/www.nahvsr.sk\/en\/wp-json\/wp\/v2\/pages\/5848\/revisions\/5859"}],"wp:featuredmedia":[{"embeddable":true,"href":"https:\/\/www.nahvsr.sk\/en\/wp-json\/wp\/v2\/media\/5820"}],"wp:attachment":[{"href":"https:\/\/www.nahvsr.sk\/en\/wp-json\/wp\/v2\/media?parent=5848"}],"curies":[{"name":"wp","href":"https:\/\/api.w.org\/{rel}","templated":true}]}}