{"id":5846,"date":"2022-06-13T15:44:29","date_gmt":"2022-06-13T13:44:29","guid":{"rendered":"https:\/\/www.nahvsr.sk\/history\/"},"modified":"2024-12-25T17:17:26","modified_gmt":"2024-12-25T16:17:26","slug":"history","status":"publish","type":"page","link":"https:\/\/www.nahvsr.sk\/en\/history\/","title":{"rendered":"History"},"content":{"rendered":"<div class=\"wpb-content-wrapper\"><p>[vc_row][vc_column][vc_custom_heading text=&#8221;History of Mountain Guides in the High Tatras&#8221; font_container=&#8221;tag:h1|text_align:left&#8221; use_theme_fonts=&#8221;yes&#8221; css=&#8221;&#8221;][vc_column_text css=&#8221;&#8221;]The first written mention of a mountain guides in the High Tatras was left by the student Simplicissimus in his travelogue in 1683. In the following years, botanists, mineralogists and even born gentlemen came to the High Tatras. Increased interest in the Tatra nature has also led to an increased demand for guiding services.<\/p>\n<p>In 1873, the Carpathian Association was founded with the aim of promoting the High Tatras. It wanted to use scientific conferences, publishing of tourist and professional press, construction of hiking trails and huts for this purpose. At the second General Assembly of the Carpathian Association in 1874 the first statutes of the High Tatra Guide Service were approved, which were registered in Levo\u010da in 1881 with the strong support of Dr. Szontagh.[\/vc_column_text][vc_single_image image=&#8221;4455&#8243; img_size=&#8221;full&#8221; alignment=&#8221;center&#8221; style=&#8221;vc_box_shadow&#8221;][vc_column_text css=&#8221;&#8221;]After the World War I., when all pre-war societies legally ceased to exist, the organisation of the mountain guiding service was taken over by the Club of Czechoslovak Tourists.<\/p>\n<p>The change of the political system after the World War II. brought about the disappearance of the tradesmen and thus also the disappearance of the profession of mountain guide. Nevertheless, mountain guiding has survived under the banner of prevention. In the High Tatras it was performed until 1989 by mountain guides of the Mountain Service of the TANAP administration.[\/vc_column_text][vc_single_image image=&#8221;4457&#8243; img_size=&#8221;full&#8221; alignment=&#8221;center&#8221;][vc_column_text css=&#8221;&#8221;]Legislative steps after 1989 made it possible to revive the profession of mountain guide. The last lines of the Slovak history of this profession have begun to be written.<\/p>\n<p>In 1992 the National Association of Mountain Guides of Slovak Republic was founded, which subsequently established contact with the UIAGM (International Association of Mountain Guides Associations). The goal of SMGA was to become a full member of the international association. After adapting the training methodology to international standards and vetting the mountain guides by a committee of experienced Alpine guides, this was achieved.<\/p>\n<p>In 1996 in Zermatt, Slovak guides were accepted into the International Federation of Mountain Guides Associations.[\/vc_column_text][vc_single_image image=&#8221;5143&#8243; img_size=&#8221;full&#8221; add_caption=&#8221;yes&#8221;][vc_column_text css=&#8221;&#8221;]In 1996, SMGA started training its own new members &#8211; mountain guides, which was to prove the viability of this young association of mountain guides.<\/p>\n<p>Later in 2005, the status of SMGA in the legislation of the Slovak Republic changes from a civil association to a self-governing state institution.<\/p>\n<p>The SMGA continues to educate new mountain guides. Part of the educational process is also the retraining of registered mountain guides.<\/p>\n<p>The current structure of the Association&#8217;s committees is as <a href=\"https:\/\/www.nahvsr.sk\/portfolio\/komisie-nahvsr\/\">listed above<\/a>.[\/vc_column_text][vc_single_image image=&#8221;4888&#8243; img_size=&#8221;full&#8221;][\/vc_column][\/vc_row]<\/p>\n<\/div>","protected":false},"excerpt":{"rendered":"<p>[vc_row][vc_column][vc_custom_heading text=&#8221;History of Mountain Guides in the High Tatras&#8221; font_container=&#8221;tag:h1|text_align:left&#8221; use_theme_fonts=&#8221;yes&#8221; css=&#8221;&#8221;][vc_column_text css=&#8221;&#8221;]The first written mention of a mountain guides in the High Tatras was left by the student Simplicissimus in his travelogue in 1683. In the following years, botanists, mineralogists and even born gentlemen came to the High Tatras. Increased interest in the Tatra&hellip;<\/p>\n","protected":false},"author":1,"featured_media":5741,"parent":0,"menu_order":0,"comment_status":"closed","ping_status":"closed","template":"","meta":{"_acf_changed":false,"footnotes":""},"class_list":["post-5846","page","type-page","status-publish","has-post-thumbnail","hentry"],"acf":[],"yoast_head":"<!-- This site is optimized with the Yoast SEO plugin v26.3 - https:\/\/yoast.com\/wordpress\/plugins\/seo\/ -->\n<title>History - National Association of Mountain Guides of Slovak Republic<\/title>\n<meta name=\"description\" content=\"The first written mention of a mountain guide in the Tatras was left by the student Simplicissimus in his travelogue in 1683. In the following years, botanists, mineralogists and even born gentlemen came to the High Tatras. Increased interest in the Tatra nature has also led to an increased demand for guiding services.\" \/>\n<meta name=\"robots\" content=\"index, follow, max-snippet:-1, max-image-preview:large, max-video-preview:-1\" \/>\n<link rel=\"canonical\" href=\"https:\/\/www.nahvsr.sk\/en\/history\/\" \/>\n<meta property=\"og:locale\" content=\"en_US\" \/>\n<meta property=\"og:type\" content=\"article\" \/>\n<meta property=\"og:title\" content=\"History of NAHVSR\" \/>\n<meta property=\"og:description\" content=\"The first written mention of a mountain guide in the Tatras was left by the student Simplicissimus in his travelogue in 1683. In the following years, botanists, mineralogists and even born gentlemen came to the High Tatras. Increased interest in the Tatra nature has also led to an increased demand for guiding services.\" \/>\n<meta property=\"og:url\" content=\"https:\/\/www.nahvsr.sk\/en\/history\/\" \/>\n<meta property=\"og:site_name\" content=\"National Association of Mountain Guides of Slovak Republic\" \/>\n<meta property=\"article:publisher\" content=\"https:\/\/www.facebook.com\/nahvsr\" \/>\n<meta property=\"article:modified_time\" content=\"2024-12-25T16:17:26+00:00\" \/>\n<meta property=\"og:image\" content=\"https:\/\/www.nahvsr.sk\/wp-content\/uploads\/2022\/11\/galfy-luczy-rajtar.jpg\" \/>\n<meta name=\"twitter:card\" content=\"summary_large_image\" \/>\n<meta name=\"twitter:title\" content=\"History of NAHVSR\" \/>\n<meta name=\"twitter:description\" content=\"The first written mention of a mountain guide in the Tatras was left by the student Simplicissimus in his travelogue in 1683. In the following years, botanists, mineralogists and even born gentlemen came to the High Tatras. Increased interest in the Tatra nature has also led to an increased demand for guiding services.\" \/>\n<meta name=\"twitter:image\" content=\"https:\/\/www.nahvsr.sk\/wp-content\/uploads\/2022\/11\/galfy-luczy-rajtar.jpg\" \/>\n<meta name=\"twitter:label1\" content=\"Est. reading time\" \/>\n\t<meta name=\"twitter:data1\" content=\"4 minutes\" \/>\n<script type=\"application\/ld+json\" class=\"yoast-schema-graph\">{\"@context\":\"https:\/\/schema.org\",\"@graph\":[{\"@type\":\"WebPage\",\"@id\":\"https:\/\/www.nahvsr.sk\/en\/history\/\",\"url\":\"https:\/\/www.nahvsr.sk\/en\/history\/\",\"name\":\"History - National Association of Mountain Guides of Slovak Republic\",\"isPartOf\":{\"@id\":\"https:\/\/www.nahvsr.sk\/en\/#website\"},\"primaryImageOfPage\":{\"@id\":\"https:\/\/www.nahvsr.sk\/en\/history\/#primaryimage\"},\"image\":{\"@id\":\"https:\/\/www.nahvsr.sk\/en\/history\/#primaryimage\"},\"thumbnailUrl\":\"https:\/\/www.nahvsr.sk\/wp-content\/uploads\/2022\/11\/galfy-luczy-rajtar.jpg\",\"datePublished\":\"2022-06-13T13:44:29+00:00\",\"dateModified\":\"2024-12-25T16:17:26+00:00\",\"description\":\"The first written mention of a mountain guide in the Tatras was left by the student Simplicissimus in his travelogue in 1683. In the following years, botanists, mineralogists and even born gentlemen came to the High Tatras. Increased interest in the Tatra nature has also led to an increased demand for guiding services.\",\"breadcrumb\":{\"@id\":\"https:\/\/www.nahvsr.sk\/en\/history\/#breadcrumb\"},\"inLanguage\":\"en-US\",\"potentialAction\":[{\"@type\":\"ReadAction\",\"target\":[\"https:\/\/www.nahvsr.sk\/en\/history\/\"]}]},{\"@type\":\"ImageObject\",\"inLanguage\":\"en-US\",\"@id\":\"https:\/\/www.nahvsr.sk\/en\/history\/#primaryimage\",\"url\":\"https:\/\/www.nahvsr.sk\/wp-content\/uploads\/2022\/11\/galfy-luczy-rajtar.jpg\",\"contentUrl\":\"https:\/\/www.nahvsr.sk\/wp-content\/uploads\/2022\/11\/galfy-luczy-rajtar.jpg\",\"width\":1600,\"height\":1160,\"caption\":\"Arch\u00edv Robert G\u00e1lfy\"},{\"@type\":\"BreadcrumbList\",\"@id\":\"https:\/\/www.nahvsr.sk\/en\/history\/#breadcrumb\",\"itemListElement\":[{\"@type\":\"ListItem\",\"position\":1,\"name\":\"Home\",\"item\":\"https:\/\/www.nahvsr.sk\/en\/\"},{\"@type\":\"ListItem\",\"position\":2,\"name\":\"History\"}]},{\"@type\":\"WebSite\",\"@id\":\"https:\/\/www.nahvsr.sk\/en\/#website\",\"url\":\"https:\/\/www.nahvsr.sk\/en\/\",\"name\":\"N\u00e1rodn\u00e1 asoci\u00e1cia horsk\u00fdch vodcov Slovenskej republiky\",\"description\":\"\",\"publisher\":{\"@id\":\"https:\/\/www.nahvsr.sk\/en\/#organization\"},\"potentialAction\":[{\"@type\":\"SearchAction\",\"target\":{\"@type\":\"EntryPoint\",\"urlTemplate\":\"https:\/\/www.nahvsr.sk\/en\/?s={search_term_string}\"},\"query-input\":{\"@type\":\"PropertyValueSpecification\",\"valueRequired\":true,\"valueName\":\"search_term_string\"}}],\"inLanguage\":\"en-US\"},{\"@type\":\"Organization\",\"@id\":\"https:\/\/www.nahvsr.sk\/en\/#organization\",\"name\":\"National Association of Mountain Guides of Slovak Republic\",\"url\":\"https:\/\/www.nahvsr.sk\/en\/\",\"logo\":{\"@type\":\"ImageObject\",\"inLanguage\":\"en-US\",\"@id\":\"https:\/\/www.nahvsr.sk\/en\/#\/schema\/logo\/image\/\",\"url\":\"https:\/\/www.nahvsr.sk\/wp-content\/uploads\/2015\/03\/logo-nahvsr-web-black.png\",\"contentUrl\":\"https:\/\/www.nahvsr.sk\/wp-content\/uploads\/2015\/03\/logo-nahvsr-web-black.png\",\"width\":1286,\"height\":441,\"caption\":\"National Association of Mountain Guides of Slovak Republic\"},\"image\":{\"@id\":\"https:\/\/www.nahvsr.sk\/en\/#\/schema\/logo\/image\/\"},\"sameAs\":[\"https:\/\/www.facebook.com\/nahvsr\",\"https:\/\/www.instagram.com\/mountain.guides.slovakia\/\"]}]}<\/script>\n<!-- \/ Yoast SEO plugin. -->","yoast_head_json":{"title":"History - National Association of Mountain Guides of Slovak Republic","description":"The first written mention of a mountain guide in the Tatras was left by the student Simplicissimus in his travelogue in 1683. In the following years, botanists, mineralogists and even born gentlemen came to the High Tatras. Increased interest in the Tatra nature has also led to an increased demand for guiding services.","robots":{"index":"index","follow":"follow","max-snippet":"max-snippet:-1","max-image-preview":"max-image-preview:large","max-video-preview":"max-video-preview:-1"},"canonical":"https:\/\/www.nahvsr.sk\/en\/history\/","og_locale":"en_US","og_type":"article","og_title":"History of NAHVSR","og_description":"The first written mention of a mountain guide in the Tatras was left by the student Simplicissimus in his travelogue in 1683. In the following years, botanists, mineralogists and even born gentlemen came to the High Tatras. Increased interest in the Tatra nature has also led to an increased demand for guiding services.","og_url":"https:\/\/www.nahvsr.sk\/en\/history\/","og_site_name":"National Association of Mountain Guides of Slovak Republic","article_publisher":"https:\/\/www.facebook.com\/nahvsr","article_modified_time":"2024-12-25T16:17:26+00:00","og_image":[{"url":"https:\/\/www.nahvsr.sk\/wp-content\/uploads\/2022\/11\/galfy-luczy-rajtar.jpg","type":"","width":"","height":""}],"twitter_card":"summary_large_image","twitter_title":"History of NAHVSR","twitter_description":"The first written mention of a mountain guide in the Tatras was left by the student Simplicissimus in his travelogue in 1683. In the following years, botanists, mineralogists and even born gentlemen came to the High Tatras. Increased interest in the Tatra nature has also led to an increased demand for guiding services.","twitter_image":"https:\/\/www.nahvsr.sk\/wp-content\/uploads\/2022\/11\/galfy-luczy-rajtar.jpg","twitter_misc":{"Est. reading time":"4 minutes"},"schema":{"@context":"https:\/\/schema.org","@graph":[{"@type":"WebPage","@id":"https:\/\/www.nahvsr.sk\/en\/history\/","url":"https:\/\/www.nahvsr.sk\/en\/history\/","name":"History - National Association of Mountain Guides of Slovak Republic","isPartOf":{"@id":"https:\/\/www.nahvsr.sk\/en\/#website"},"primaryImageOfPage":{"@id":"https:\/\/www.nahvsr.sk\/en\/history\/#primaryimage"},"image":{"@id":"https:\/\/www.nahvsr.sk\/en\/history\/#primaryimage"},"thumbnailUrl":"https:\/\/www.nahvsr.sk\/wp-content\/uploads\/2022\/11\/galfy-luczy-rajtar.jpg","datePublished":"2022-06-13T13:44:29+00:00","dateModified":"2024-12-25T16:17:26+00:00","description":"The first written mention of a mountain guide in the Tatras was left by the student Simplicissimus in his travelogue in 1683. In the following years, botanists, mineralogists and even born gentlemen came to the High Tatras. Increased interest in the Tatra nature has also led to an increased demand for guiding services.","breadcrumb":{"@id":"https:\/\/www.nahvsr.sk\/en\/history\/#breadcrumb"},"inLanguage":"en-US","potentialAction":[{"@type":"ReadAction","target":["https:\/\/www.nahvsr.sk\/en\/history\/"]}]},{"@type":"ImageObject","inLanguage":"en-US","@id":"https:\/\/www.nahvsr.sk\/en\/history\/#primaryimage","url":"https:\/\/www.nahvsr.sk\/wp-content\/uploads\/2022\/11\/galfy-luczy-rajtar.jpg","contentUrl":"https:\/\/www.nahvsr.sk\/wp-content\/uploads\/2022\/11\/galfy-luczy-rajtar.jpg","width":1600,"height":1160,"caption":"Arch\u00edv Robert G\u00e1lfy"},{"@type":"BreadcrumbList","@id":"https:\/\/www.nahvsr.sk\/en\/history\/#breadcrumb","itemListElement":[{"@type":"ListItem","position":1,"name":"Home","item":"https:\/\/www.nahvsr.sk\/en\/"},{"@type":"ListItem","position":2,"name":"History"}]},{"@type":"WebSite","@id":"https:\/\/www.nahvsr.sk\/en\/#website","url":"https:\/\/www.nahvsr.sk\/en\/","name":"N\u00e1rodn\u00e1 asoci\u00e1cia horsk\u00fdch vodcov Slovenskej republiky","description":"","publisher":{"@id":"https:\/\/www.nahvsr.sk\/en\/#organization"},"potentialAction":[{"@type":"SearchAction","target":{"@type":"EntryPoint","urlTemplate":"https:\/\/www.nahvsr.sk\/en\/?s={search_term_string}"},"query-input":{"@type":"PropertyValueSpecification","valueRequired":true,"valueName":"search_term_string"}}],"inLanguage":"en-US"},{"@type":"Organization","@id":"https:\/\/www.nahvsr.sk\/en\/#organization","name":"National Association of Mountain Guides of Slovak Republic","url":"https:\/\/www.nahvsr.sk\/en\/","logo":{"@type":"ImageObject","inLanguage":"en-US","@id":"https:\/\/www.nahvsr.sk\/en\/#\/schema\/logo\/image\/","url":"https:\/\/www.nahvsr.sk\/wp-content\/uploads\/2015\/03\/logo-nahvsr-web-black.png","contentUrl":"https:\/\/www.nahvsr.sk\/wp-content\/uploads\/2015\/03\/logo-nahvsr-web-black.png","width":1286,"height":441,"caption":"National Association of Mountain Guides of Slovak Republic"},"image":{"@id":"https:\/\/www.nahvsr.sk\/en\/#\/schema\/logo\/image\/"},"sameAs":["https:\/\/www.facebook.com\/nahvsr","https:\/\/www.instagram.com\/mountain.guides.slovakia\/"]}]}},"_links":{"self":[{"href":"https:\/\/www.nahvsr.sk\/en\/wp-json\/wp\/v2\/pages\/5846","targetHints":{"allow":["GET"]}}],"collection":[{"href":"https:\/\/www.nahvsr.sk\/en\/wp-json\/wp\/v2\/pages"}],"about":[{"href":"https:\/\/www.nahvsr.sk\/en\/wp-json\/wp\/v2\/types\/page"}],"author":[{"embeddable":true,"href":"https:\/\/www.nahvsr.sk\/en\/wp-json\/wp\/v2\/users\/1"}],"replies":[{"embeddable":true,"href":"https:\/\/www.nahvsr.sk\/en\/wp-json\/wp\/v2\/comments?post=5846"}],"version-history":[{"count":6,"href":"https:\/\/www.nahvsr.sk\/en\/wp-json\/wp\/v2\/pages\/5846\/revisions"}],"predecessor-version":[{"id":6171,"href":"https:\/\/www.nahvsr.sk\/en\/wp-json\/wp\/v2\/pages\/5846\/revisions\/6171"}],"wp:featuredmedia":[{"embeddable":true,"href":"https:\/\/www.nahvsr.sk\/en\/wp-json\/wp\/v2\/media\/5741"}],"wp:attachment":[{"href":"https:\/\/www.nahvsr.sk\/en\/wp-json\/wp\/v2\/media?parent=5846"}],"curies":[{"name":"wp","href":"https:\/\/api.w.org\/{rel}","templated":true}]}}