{"id":5834,"date":"2015-03-19T17:54:23","date_gmt":"2015-03-19T16:54:23","guid":{"rendered":"https:\/\/www.nahvsr.sk\/home\/"},"modified":"2026-01-13T13:50:23","modified_gmt":"2026-01-13T12:50:23","slug":"home","status":"publish","type":"page","link":"https:\/\/www.nahvsr.sk\/en\/","title":{"rendered":"Home"},"content":{"rendered":"<div class=\"wpb-content-wrapper\"><p>[vc_row full_width=&#8221;stretch_row_content_no_spaces&#8221;][vc_column]\t\t\t<script src=\"\/\/www.nahvsr.sk\/wp-content\/plugins\/revslider\/sr6\/assets\/js\/rbtools.min.js?rev=6.7.38\"><\/script>\n\t\t\t<script src=\"\/\/www.nahvsr.sk\/wp-content\/plugins\/revslider\/sr6\/assets\/js\/rs6.min.js?rev=6.7.38\"><\/script>\n\n\t\t\t<!-- START Homepage REVOLUTION SLIDER 6.7.38 --><p class=\"rs-p-wp-fix\"><\/p>\n\t\t\t<rs-module-wrap id=\"rev_slider_2_1_wrapper\" data-source=\"gallery\" style=\"visibility:hidden;background:#eeeeee;padding:0;\">\n\t\t\t\t<rs-module id=\"rev_slider_2_1\" style=\"\" data-version=\"6.7.38\">\n\t\t\t\t\t<rs-slides style=\"overflow: hidden; position: absolute;\">\n\t\t\t\t\t\t<rs-slide style=\"position: absolute;\" data-key=\"rs-5\" data-title=\"Slide 1\" data-anim=\"adpr:false;\" data-in=\"o:0;\" data-out=\"a:false;\">\n\t\t\t\t\t\t\t<img decoding=\"async\" src=\"\/\/www.nahvsr.sk\/wp-content\/plugins\/revslider\/sr6\/assets\/assets\/dummy.png\" alt=\"Chamonix\" title=\"superdupont-aig-midi-001\" width=\"1920\" height=\"1440\" class=\"rev-slidebg tp-rs-img rs-lazyload\" data-lazyload=\"\/\/www.nahvsr.sk\/wp-content\/uploads\/2025\/09\/superdupont-aig-midi-001.jpg\" data-bg=\"p:center top;\" data-parallax=\"off\" data-no-retina>\n<!---->\t\t\t\t\t<\/rs-slide>\n\t\t\t\t\t\t<rs-slide style=\"position: absolute;\" data-key=\"rs-2\" data-title=\"Slide 2\" data-anim=\"adpr:false;\" data-in=\"o:0;\" data-out=\"a:false;\">\n\t\t\t\t\t\t\t<img decoding=\"async\" src=\"\/\/www.nahvsr.sk\/wp-content\/plugins\/revslider\/sr6\/assets\/assets\/dummy.png\" alt=\"Norway\" title=\"norway-ski-sail-011\" width=\"1920\" height=\"1280\" class=\"rev-slidebg tp-rs-img rs-lazyload\" data-lazyload=\"\/\/www.nahvsr.sk\/wp-content\/uploads\/2025\/09\/norway-ski-sail-011.jpg\" data-bg=\"p:center top;\" data-parallax=\"off\" data-no-retina>\n<!---->\t\t\t\t\t<\/rs-slide>\n\t\t\t\t\t\t<rs-slide style=\"position: absolute;\" data-key=\"rs-3\" data-title=\"30 rokov\" data-anim=\"adpr:false;ms:900;\" data-in=\"o:0;\" data-out=\"a:false;\">\n\t\t\t\t\t\t\t<img decoding=\"async\" src=\"\/\/www.nahvsr.sk\/wp-content\/plugins\/revslider\/sr6\/assets\/assets\/dummy.png\" alt=\"\" title=\"gerlach-001-2\" width=\"1920\" height=\"1440\" class=\"rev-slidebg tp-rs-img rs-lazyload\" data-lazyload=\"\/\/www.nahvsr.sk\/wp-content\/uploads\/2025\/09\/gerlach-001-2.jpg\" data-bg=\"p:center top;\" data-parallax=\"off\" data-no-retina>\n<!---->\t\t\t\t\t<\/rs-slide>\n\t\t\t\t\t<\/rs-slides>\n\t\t\t\t\t<rs-static-layers><!--\n\t\t\t\t\t--><\/rs-static-layers>\n\t\t\t\t<\/rs-module>\n\t\t\t\t<script>\n\t\t\t\t\tsetREVStartSize({c: 'rev_slider_2_1',rl:[1240,1024,778,480],el:[700,768,960,720],gw:[1140,1024,778,480],gh:[700,768,960,720],type:'standard',justify:'',layout:'fullscreen',offsetContainer:'',offset:'',mh:\"0\"});if (window.RS_MODULES!==undefined && window.RS_MODULES.modules!==undefined && window.RS_MODULES.modules[\"revslider21\"]!==undefined) {window.RS_MODULES.modules[\"revslider21\"].once = false;window.revapi2 = undefined;if (window.RS_MODULES.checkMinimal!==undefined) window.RS_MODULES.checkMinimal()}\n\t\t\t\t<\/script>\n\t\t\t<\/rs-module-wrap>\n\t\t\t<!-- END REVOLUTION SLIDER -->\n[\/vc_column][\/vc_row][vc_row css=&#8221;.vc_custom_1767122437178{padding-top: 20px !important;}&#8221;][vc_column][lab_message type=&#8221;error&#8221; message=&#8221;#E-8_JTNDYSUyMGhyZWYlM0QlMjJodHRwcyUzQSUyRiUyRnd3dy5uYWh2c3Iuc2slMkZlbiUyRm1hbmRhdG9yeS1yZWdpc3RyYXRpb24tZm9yLWZvcmVpZ24tbW91bnRhaW4tZ3VpZGVzJTJGJTIyJTNFTWFuZGF0b3J5JTIwcmVnaXN0cmF0aW9uJTIwZm9yJTIwZm9yZWlnbiUyMG1vdW50YWluJTIwZ3VpZGVzJTIwYnklMjBKdWx5JTIwMXN0JTIwMjAyNiUzQyUyRmElM0U=&#8221;][\/vc_column][\/vc_row][vc_row no_bottom_margin=&#8221;yes&#8221; css=&#8221;.vc_custom_1767122413983{padding-top: 0px !important;padding-bottom: 40px !important;}&#8221;][vc_column css=&#8221;.vc_custom_1498251402115{padding-top: 0px !important;}&#8221;][lab_portfolio_items title_tag=&#8221;h1&#8243; category_filter=&#8221;no&#8221; dynamic_image_height=&#8221;yes&#8221; pagination_type=&#8221;endless&#8221; endless_show_more_button_text=&#8221;Show all&#8221; endless_no_more_items_button_text=&#8221;No other items&#8221; endless_per_page=&#8221;9&#8243; portfolio_query=&#8221;size:9|order_by:date|post_type:portfolio|tax_query:75&#8243;][\/vc_column][\/vc_row][vc_row][vc_column][vc_custom_heading text=&#8221;News&#8221; use_theme_fonts=&#8221;yes&#8221;][vc_basic_grid post_type=&#8221;post&#8221; max_items=&#8221;3&#8243; item=&#8221;5474&#8243; css=&#8221;&#8221; grid_id=&#8221;vc_gid:1768308607161-635e5871-8795-9&#8243;][\/vc_column][\/vc_row]<\/p>\n<\/div>","protected":false},"excerpt":{"rendered":"<p>[vc_row full_width=&#8221;stretch_row_content_no_spaces&#8221;][vc_column][\/vc_column][\/vc_row][vc_row css=&#8221;.vc_custom_1767122437178{padding-top: 20px !important;}&#8221;][vc_column][lab_message type=&#8221;error&#8221; message=&#8221;#E-8_JTNDYSUyMGhyZWYlM0QlMjJodHRwcyUzQSUyRiUyRnd3dy5uYWh2c3Iuc2slMkZlbiUyRm1hbmRhdG9yeS1yZWdpc3RyYXRpb24tZm9yLWZvcmVpZ24tbW91bnRhaW4tZ3VpZGVzJTJGJTIyJTNFTWFuZGF0b3J5JTIwcmVnaXN0cmF0aW9uJTIwZm9yJTIwZm9yZWlnbiUyMG1vdW50YWluJTIwZ3VpZGVzJTIwYnklMjBKdWx5JTIwMXN0JTIwMjAyNiUzQyUyRmElM0U=&#8221;][\/vc_column][\/vc_row][vc_row no_bottom_margin=&#8221;yes&#8221; css=&#8221;.vc_custom_1767122413983{padding-top: 0px !important;padding-bottom: 40px !important;}&#8221;][vc_column css=&#8221;.vc_custom_1498251402115{padding-top: 0px !important;}&#8221;][lab_portfolio_items title_tag=&#8221;h1&#8243; category_filter=&#8221;no&#8221; dynamic_image_height=&#8221;yes&#8221; pagination_type=&#8221;endless&#8221; endless_show_more_button_text=&#8221;Show all&#8221; endless_no_more_items_button_text=&#8221;No other items&#8221; endless_per_page=&#8221;9&#8243; portfolio_query=&#8221;size:9|order_by:date|post_type:portfolio|tax_query:75&#8243;][\/vc_column][\/vc_row][vc_row][vc_column][vc_custom_heading text=&#8221;News&#8221; use_theme_fonts=&#8221;yes&#8221;][vc_basic_grid post_type=&#8221;post&#8221; max_items=&#8221;3&#8243; item=&#8221;5474&#8243; css=&#8221;&#8221; grid_id=&#8221;vc_gid:1768308607161-635e5871-8795-9&#8243;][\/vc_column][\/vc_row]<\/p>\n","protected":false},"author":1,"featured_media":5633,"parent":0,"menu_order":0,"comment_status":"open","ping_status":"open","template":"","meta":{"_acf_changed":false,"footnotes":""},"class_list":["post-5834","page","type-page","status-publish","has-post-thumbnail","hentry"],"acf":[],"yoast_head":"<!-- This site is optimized with the Yoast SEO plugin v26.3 - https:\/\/yoast.com\/wordpress\/plugins\/seo\/ -->\n<title>Home - National Association of Mountain Guides of Slovak Republic<\/title>\n<meta name=\"description\" content=\"The National Association of Mountain Guides of the Slovak Republic is a member of the International Union of National Associations of Mountain Guides (UIAGM \/ IFMGA \/ IVBV)\" \/>\n<meta name=\"robots\" content=\"index, follow, max-snippet:-1, max-image-preview:large, max-video-preview:-1\" \/>\n<link rel=\"canonical\" href=\"https:\/\/www.nahvsr.sk\/en\/\" \/>\n<meta property=\"og:locale\" content=\"en_US\" \/>\n<meta property=\"og:type\" content=\"article\" \/>\n<meta property=\"og:title\" content=\"National Association of Mountain Guides of the Slovak Republic\" \/>\n<meta property=\"og:description\" content=\"The National Association of Mountain Guides of the Slovak Republic is a member of the International Union of National Associations of Mountain Guides (UIAGM \/ IFMGA \/ IVBV)\" \/>\n<meta property=\"og:url\" content=\"https:\/\/www.nahvsr.sk\/en\/\" \/>\n<meta property=\"og:site_name\" content=\"National Association of Mountain Guides of Slovak Republic\" \/>\n<meta property=\"article:publisher\" content=\"https:\/\/www.facebook.com\/nahvsr\" \/>\n<meta property=\"article:modified_time\" content=\"2026-01-13T12:50:23+00:00\" \/>\n<meta property=\"og:image\" content=\"https:\/\/www.nahvsr.sk\/wp-content\/uploads\/2022\/09\/nahvsr-037.jpg\" \/>\n<meta name=\"twitter:card\" content=\"summary_large_image\" \/>\n<meta name=\"twitter:title\" content=\"National Association of Mountain Guides of the Slovak Republic\" \/>\n<meta name=\"twitter:description\" content=\"The National Association of Mountain Guides of the Slovak Republic is a member of the International Union of National Associations of Mountain Guides (UIAGM \/ IFMGA \/ IVBV)\" \/>\n<meta name=\"twitter:image\" content=\"https:\/\/www.nahvsr.sk\/wp-content\/uploads\/2022\/09\/nahvsr-037.jpg\" \/>\n<meta name=\"twitter:label1\" content=\"Est. reading time\" \/>\n\t<meta name=\"twitter:data1\" content=\"1 minute\" \/>\n<script type=\"application\/ld+json\" class=\"yoast-schema-graph\">{\"@context\":\"https:\/\/schema.org\",\"@graph\":[{\"@type\":\"WebPage\",\"@id\":\"https:\/\/www.nahvsr.sk\/en\/\",\"url\":\"https:\/\/www.nahvsr.sk\/en\/\",\"name\":\"Home - National Association of Mountain Guides of Slovak Republic\",\"isPartOf\":{\"@id\":\"https:\/\/www.nahvsr.sk\/en\/#website\"},\"primaryImageOfPage\":{\"@id\":\"https:\/\/www.nahvsr.sk\/en\/#primaryimage\"},\"image\":{\"@id\":\"https:\/\/www.nahvsr.sk\/en\/#primaryimage\"},\"thumbnailUrl\":\"https:\/\/www.nahvsr.sk\/wp-content\/uploads\/2022\/09\/nahvsr-037.jpg\",\"datePublished\":\"2015-03-19T16:54:23+00:00\",\"dateModified\":\"2026-01-13T12:50:23+00:00\",\"description\":\"The National Association of Mountain Guides of the Slovak Republic is a member of the International Union of National Associations of Mountain Guides (UIAGM \/ IFMGA \/ IVBV)\",\"breadcrumb\":{\"@id\":\"https:\/\/www.nahvsr.sk\/en\/#breadcrumb\"},\"inLanguage\":\"en-US\",\"potentialAction\":[{\"@type\":\"ReadAction\",\"target\":[\"https:\/\/www.nahvsr.sk\/en\/\"]}]},{\"@type\":\"ImageObject\",\"inLanguage\":\"en-US\",\"@id\":\"https:\/\/www.nahvsr.sk\/en\/#primaryimage\",\"url\":\"https:\/\/www.nahvsr.sk\/wp-content\/uploads\/2022\/09\/nahvsr-037.jpg\",\"contentUrl\":\"https:\/\/www.nahvsr.sk\/wp-content\/uploads\/2022\/09\/nahvsr-037.jpg\",\"width\":1920,\"height\":1440},{\"@type\":\"BreadcrumbList\",\"@id\":\"https:\/\/www.nahvsr.sk\/en\/#breadcrumb\",\"itemListElement\":[{\"@type\":\"ListItem\",\"position\":1,\"name\":\"Home\",\"item\":\"https:\/\/www.nahvsr.sk\/en\/\"},{\"@type\":\"ListItem\",\"position\":2,\"name\":\"Home\"}]},{\"@type\":\"WebSite\",\"@id\":\"https:\/\/www.nahvsr.sk\/en\/#website\",\"url\":\"https:\/\/www.nahvsr.sk\/en\/\",\"name\":\"N\u00e1rodn\u00e1 asoci\u00e1cia horsk\u00fdch vodcov Slovenskej republiky\",\"description\":\"\",\"publisher\":{\"@id\":\"https:\/\/www.nahvsr.sk\/en\/#organization\"},\"potentialAction\":[{\"@type\":\"SearchAction\",\"target\":{\"@type\":\"EntryPoint\",\"urlTemplate\":\"https:\/\/www.nahvsr.sk\/en\/?s={search_term_string}\"},\"query-input\":{\"@type\":\"PropertyValueSpecification\",\"valueRequired\":true,\"valueName\":\"search_term_string\"}}],\"inLanguage\":\"en-US\"},{\"@type\":\"Organization\",\"@id\":\"https:\/\/www.nahvsr.sk\/en\/#organization\",\"name\":\"National Association of Mountain Guides of Slovak Republic\",\"url\":\"https:\/\/www.nahvsr.sk\/en\/\",\"logo\":{\"@type\":\"ImageObject\",\"inLanguage\":\"en-US\",\"@id\":\"https:\/\/www.nahvsr.sk\/en\/#\/schema\/logo\/image\/\",\"url\":\"https:\/\/www.nahvsr.sk\/wp-content\/uploads\/2015\/03\/logo-nahvsr-web-black.png\",\"contentUrl\":\"https:\/\/www.nahvsr.sk\/wp-content\/uploads\/2015\/03\/logo-nahvsr-web-black.png\",\"width\":1286,\"height\":441,\"caption\":\"National Association of Mountain Guides of Slovak Republic\"},\"image\":{\"@id\":\"https:\/\/www.nahvsr.sk\/en\/#\/schema\/logo\/image\/\"},\"sameAs\":[\"https:\/\/www.facebook.com\/nahvsr\",\"https:\/\/www.instagram.com\/mountain.guides.slovakia\/\"]}]}<\/script>\n<!-- \/ Yoast SEO plugin. -->","yoast_head_json":{"title":"Home - National Association of Mountain Guides of Slovak Republic","description":"The National Association of Mountain Guides of the Slovak Republic is a member of the International Union of National Associations of Mountain Guides (UIAGM \/ IFMGA \/ IVBV)","robots":{"index":"index","follow":"follow","max-snippet":"max-snippet:-1","max-image-preview":"max-image-preview:large","max-video-preview":"max-video-preview:-1"},"canonical":"https:\/\/www.nahvsr.sk\/en\/","og_locale":"en_US","og_type":"article","og_title":"National Association of Mountain Guides of the Slovak Republic","og_description":"The National Association of Mountain Guides of the Slovak Republic is a member of the International Union of National Associations of Mountain Guides (UIAGM \/ IFMGA \/ IVBV)","og_url":"https:\/\/www.nahvsr.sk\/en\/","og_site_name":"National Association of Mountain Guides of Slovak Republic","article_publisher":"https:\/\/www.facebook.com\/nahvsr","article_modified_time":"2026-01-13T12:50:23+00:00","og_image":[{"url":"https:\/\/www.nahvsr.sk\/wp-content\/uploads\/2022\/09\/nahvsr-037.jpg","type":"","width":"","height":""}],"twitter_card":"summary_large_image","twitter_title":"National Association of Mountain Guides of the Slovak Republic","twitter_description":"The National Association of Mountain Guides of the Slovak Republic is a member of the International Union of National Associations of Mountain Guides (UIAGM \/ IFMGA \/ IVBV)","twitter_image":"https:\/\/www.nahvsr.sk\/wp-content\/uploads\/2022\/09\/nahvsr-037.jpg","twitter_misc":{"Est. reading time":"1 minute"},"schema":{"@context":"https:\/\/schema.org","@graph":[{"@type":"WebPage","@id":"https:\/\/www.nahvsr.sk\/en\/","url":"https:\/\/www.nahvsr.sk\/en\/","name":"Home - National Association of Mountain Guides of Slovak Republic","isPartOf":{"@id":"https:\/\/www.nahvsr.sk\/en\/#website"},"primaryImageOfPage":{"@id":"https:\/\/www.nahvsr.sk\/en\/#primaryimage"},"image":{"@id":"https:\/\/www.nahvsr.sk\/en\/#primaryimage"},"thumbnailUrl":"https:\/\/www.nahvsr.sk\/wp-content\/uploads\/2022\/09\/nahvsr-037.jpg","datePublished":"2015-03-19T16:54:23+00:00","dateModified":"2026-01-13T12:50:23+00:00","description":"The National Association of Mountain Guides of the Slovak Republic is a member of the International Union of National Associations of Mountain Guides (UIAGM \/ IFMGA \/ IVBV)","breadcrumb":{"@id":"https:\/\/www.nahvsr.sk\/en\/#breadcrumb"},"inLanguage":"en-US","potentialAction":[{"@type":"ReadAction","target":["https:\/\/www.nahvsr.sk\/en\/"]}]},{"@type":"ImageObject","inLanguage":"en-US","@id":"https:\/\/www.nahvsr.sk\/en\/#primaryimage","url":"https:\/\/www.nahvsr.sk\/wp-content\/uploads\/2022\/09\/nahvsr-037.jpg","contentUrl":"https:\/\/www.nahvsr.sk\/wp-content\/uploads\/2022\/09\/nahvsr-037.jpg","width":1920,"height":1440},{"@type":"BreadcrumbList","@id":"https:\/\/www.nahvsr.sk\/en\/#breadcrumb","itemListElement":[{"@type":"ListItem","position":1,"name":"Home","item":"https:\/\/www.nahvsr.sk\/en\/"},{"@type":"ListItem","position":2,"name":"Home"}]},{"@type":"WebSite","@id":"https:\/\/www.nahvsr.sk\/en\/#website","url":"https:\/\/www.nahvsr.sk\/en\/","name":"N\u00e1rodn\u00e1 asoci\u00e1cia horsk\u00fdch vodcov Slovenskej republiky","description":"","publisher":{"@id":"https:\/\/www.nahvsr.sk\/en\/#organization"},"potentialAction":[{"@type":"SearchAction","target":{"@type":"EntryPoint","urlTemplate":"https:\/\/www.nahvsr.sk\/en\/?s={search_term_string}"},"query-input":{"@type":"PropertyValueSpecification","valueRequired":true,"valueName":"search_term_string"}}],"inLanguage":"en-US"},{"@type":"Organization","@id":"https:\/\/www.nahvsr.sk\/en\/#organization","name":"National Association of Mountain Guides of Slovak Republic","url":"https:\/\/www.nahvsr.sk\/en\/","logo":{"@type":"ImageObject","inLanguage":"en-US","@id":"https:\/\/www.nahvsr.sk\/en\/#\/schema\/logo\/image\/","url":"https:\/\/www.nahvsr.sk\/wp-content\/uploads\/2015\/03\/logo-nahvsr-web-black.png","contentUrl":"https:\/\/www.nahvsr.sk\/wp-content\/uploads\/2015\/03\/logo-nahvsr-web-black.png","width":1286,"height":441,"caption":"National Association of Mountain Guides of Slovak Republic"},"image":{"@id":"https:\/\/www.nahvsr.sk\/en\/#\/schema\/logo\/image\/"},"sameAs":["https:\/\/www.facebook.com\/nahvsr","https:\/\/www.instagram.com\/mountain.guides.slovakia\/"]}]}},"_links":{"self":[{"href":"https:\/\/www.nahvsr.sk\/en\/wp-json\/wp\/v2\/pages\/5834","targetHints":{"allow":["GET"]}}],"collection":[{"href":"https:\/\/www.nahvsr.sk\/en\/wp-json\/wp\/v2\/pages"}],"about":[{"href":"https:\/\/www.nahvsr.sk\/en\/wp-json\/wp\/v2\/types\/page"}],"author":[{"embeddable":true,"href":"https:\/\/www.nahvsr.sk\/en\/wp-json\/wp\/v2\/users\/1"}],"replies":[{"embeddable":true,"href":"https:\/\/www.nahvsr.sk\/en\/wp-json\/wp\/v2\/comments?post=5834"}],"version-history":[{"count":6,"href":"https:\/\/www.nahvsr.sk\/en\/wp-json\/wp\/v2\/pages\/5834\/revisions"}],"predecessor-version":[{"id":6549,"href":"https:\/\/www.nahvsr.sk\/en\/wp-json\/wp\/v2\/pages\/5834\/revisions\/6549"}],"wp:featuredmedia":[{"embeddable":true,"href":"https:\/\/www.nahvsr.sk\/en\/wp-json\/wp\/v2\/media\/5633"}],"wp:attachment":[{"href":"https:\/\/www.nahvsr.sk\/en\/wp-json\/wp\/v2\/media?parent=5834"}],"curies":[{"name":"wp","href":"https:\/\/api.w.org\/{rel}","templated":true}]}}